{"id":1092,"date":"2017-01-06T23:32:03","date_gmt":"2017-01-06T22:32:03","guid":{"rendered":"https:\/\/www.annecluzel.com\/publications-and-orders\/"},"modified":"2017-01-06T23:32:03","modified_gmt":"2017-01-06T22:32:03","slug":"publications-and-orders","status":"publish","type":"page","link":"https:\/\/www.annecluzel.com\/en\/publications-and-orders\/","title":{"rendered":"Publications and Orders"},"content":{"rendered":"<p>Just a few among others<\/p>\n<div id='gallery-1' class='gallery galleryid-1092 gallery-columns-3 gallery-size-medium'><figure class='gallery-item'>\n\t\t\t<div class='gallery-icon portrait'>\n\t\t\t\t<a href='https:\/\/www.annecluzel.com\/wp-content\/uploads\/2017\/01\/FranceGalop.jpg'><img decoding=\"async\" width=\"143\" height=\"300\" data-src=\"https:\/\/www.annecluzel.com\/wp-content\/uploads\/2017\/01\/FranceGalop-143x300.jpg\" class=\"attachment-medium size-medium lazyload\" alt=\"\" aria-describedby=\"gallery-1-1093\" data-srcset=\"https:\/\/www.annecluzel.com\/wp-content\/uploads\/2017\/01\/FranceGalop-143x300.jpg 143w, https:\/\/www.annecluzel.com\/wp-content\/uploads\/2017\/01\/FranceGalop-487x1024.jpg 487w, https:\/\/www.annecluzel.com\/wp-content\/uploads\/2017\/01\/FranceGalop.jpg 586w\" data-sizes=\"100vw\" src=\"data:image\/svg+xml;base64,PHN2ZyB3aWR0aD0iMSIgaGVpZ2h0PSIxIiB4bWxucz0iaHR0cDovL3d3dy53My5vcmcvMjAwMC9zdmciPjwvc3ZnPg==\" style=\"--smush-placeholder-width: 143px; --smush-placeholder-aspect-ratio: 143\/300;\" \/><\/a>\n\t\t\t<\/div>\n\t\t\t\t<figcaption class='wp-caption-text gallery-caption' id='gallery-1-1093'>\n\t\t\t\tFrance Galop, Affiche D\u00e9jeuner sur l&#8217;Herbe, Aquarelle, cr\u00e9\u00e9e en 2004\n\t\t\t\t<\/figcaption><\/figure><figure class='gallery-item'>\n\t\t\t<div class='gallery-icon portrait'>\n\t\t\t\t<a href='https:\/\/www.annecluzel.com\/wp-content\/uploads\/2017\/01\/LeFigaro.jpg'><img decoding=\"async\" width=\"250\" height=\"300\" data-src=\"https:\/\/www.annecluzel.com\/wp-content\/uploads\/2017\/01\/LeFigaro-250x300.jpg\" class=\"attachment-medium size-medium lazyload\" alt=\"\" aria-describedby=\"gallery-1-1094\" data-srcset=\"https:\/\/www.annecluzel.com\/wp-content\/uploads\/2017\/01\/LeFigaro-250x300.jpg 250w, https:\/\/www.annecluzel.com\/wp-content\/uploads\/2017\/01\/LeFigaro.jpg 763w\" data-sizes=\"100vw\" src=\"data:image\/svg+xml;base64,PHN2ZyB3aWR0aD0iMSIgaGVpZ2h0PSIxIiB4bWxucz0iaHR0cDovL3d3dy53My5vcmcvMjAwMC9zdmciPjwvc3ZnPg==\" style=\"--smush-placeholder-width: 250px; --smush-placeholder-aspect-ratio: 250\/300;\" \/><\/a>\n\t\t\t<\/div>\n\t\t\t\t<figcaption class='wp-caption-text gallery-caption' id='gallery-1-1094'>\n\t\t\t\tLe Figaro, Aquarelle 1999\n\t\t\t\t<\/figcaption><\/figure><figure class='gallery-item'>\n\t\t\t<div class='gallery-icon landscape'>\n\t\t\t\t<a href='https:\/\/www.annecluzel.com\/wp-content\/uploads\/2018\/06\/VersionFemina-2.jpg'><img decoding=\"async\" width=\"300\" height=\"203\" data-src=\"https:\/\/www.annecluzel.com\/wp-content\/uploads\/2018\/06\/VersionFemina-2-300x203.jpg\" class=\"attachment-medium size-medium lazyload\" alt=\"\" aria-describedby=\"gallery-1-877\" data-srcset=\"https:\/\/www.annecluzel.com\/wp-content\/uploads\/2018\/06\/VersionFemina-2-300x203.jpg 300w, https:\/\/www.annecluzel.com\/wp-content\/uploads\/2018\/06\/VersionFemina-2-768x520.jpg 768w, https:\/\/www.annecluzel.com\/wp-content\/uploads\/2018\/06\/VersionFemina-2.jpg 1024w\" data-sizes=\"100vw\" src=\"data:image\/svg+xml;base64,PHN2ZyB3aWR0aD0iMSIgaGVpZ2h0PSIxIiB4bWxucz0iaHR0cDovL3d3dy53My5vcmcvMjAwMC9zdmciPjwvc3ZnPg==\" style=\"--smush-placeholder-width: 300px; --smush-placeholder-aspect-ratio: 300\/203;\" \/><\/a>\n\t\t\t<\/div>\n\t\t\t\t<figcaption class='wp-caption-text gallery-caption' id='gallery-1-877'>\n\t\t\t\tVersion Femina, Horoscope 2014, Aquarelles\n\t\t\t\t<\/figcaption><\/figure><figure class='gallery-item'>\n\t\t\t<div class='gallery-icon landscape'>\n\t\t\t\t<a href='https:\/\/www.annecluzel.com\/wp-content\/uploads\/2018\/06\/LExpress-1.jpg'><img decoding=\"async\" width=\"300\" height=\"202\" data-src=\"https:\/\/www.annecluzel.com\/wp-content\/uploads\/2018\/06\/LExpress-1-300x202.jpg\" class=\"attachment-medium size-medium lazyload\" alt=\"\" aria-describedby=\"gallery-1-1096\" data-srcset=\"https:\/\/www.annecluzel.com\/wp-content\/uploads\/2018\/06\/LExpress-1-300x202.jpg 300w, https:\/\/www.annecluzel.com\/wp-content\/uploads\/2018\/06\/LExpress-1-768x518.jpg 768w, https:\/\/www.annecluzel.com\/wp-content\/uploads\/2018\/06\/LExpress-1.jpg 1024w\" data-sizes=\"100vw\" src=\"data:image\/svg+xml;base64,PHN2ZyB3aWR0aD0iMSIgaGVpZ2h0PSIxIiB4bWxucz0iaHR0cDovL3d3dy53My5vcmcvMjAwMC9zdmciPjwvc3ZnPg==\" style=\"--smush-placeholder-width: 300px; --smush-placeholder-aspect-ratio: 300\/202;\" \/><\/a>\n\t\t\t<\/div>\n\t\t\t\t<figcaption class='wp-caption-text gallery-caption' id='gallery-1-1096'>\n\t\t\t\tL&#8217;Express Styles, Aquarelle, 2007\n\t\t\t\t<\/figcaption><\/figure><figure class='gallery-item'>\n\t\t\t<div class='gallery-icon landscape'>\n\t\t\t\t<a href='https:\/\/www.annecluzel.com\/wp-content\/uploads\/2018\/06\/Poisson.jpg'><img decoding=\"async\" width=\"300\" height=\"221\" data-src=\"https:\/\/www.annecluzel.com\/wp-content\/uploads\/2018\/06\/Poisson-300x221.jpg\" class=\"attachment-medium size-medium lazyload\" alt=\"\" aria-describedby=\"gallery-1-868\" data-srcset=\"https:\/\/www.annecluzel.com\/wp-content\/uploads\/2018\/06\/Poisson-300x221.jpg 300w, https:\/\/www.annecluzel.com\/wp-content\/uploads\/2018\/06\/Poisson.jpg 614w\" data-sizes=\"100vw\" src=\"data:image\/svg+xml;base64,PHN2ZyB3aWR0aD0iMSIgaGVpZ2h0PSIxIiB4bWxucz0iaHR0cDovL3d3dy53My5vcmcvMjAwMC9zdmciPjwvc3ZnPg==\" style=\"--smush-placeholder-width: 300px; --smush-placeholder-aspect-ratio: 300\/221;\" \/><\/a>\n\t\t\t<\/div>\n\t\t\t\t<figcaption class='wp-caption-text gallery-caption' id='gallery-1-868'>\n\t\t\t\tLes piments du d\u00e9sir (Aubanel), Aquarelle 2002\n\t\t\t\t<\/figcaption><\/figure><figure class='gallery-item'>\n\t\t\t<div class='gallery-icon landscape'>\n\t\t\t\t<a href='https:\/\/www.annecluzel.com\/wp-content\/uploads\/2018\/06\/Yoga.jpg'><img decoding=\"async\" width=\"300\" height=\"257\" data-src=\"https:\/\/www.annecluzel.com\/wp-content\/uploads\/2018\/06\/Yoga-300x257.jpg\" class=\"attachment-medium size-medium lazyload\" alt=\"\" aria-describedby=\"gallery-1-883\" data-srcset=\"https:\/\/www.annecluzel.com\/wp-content\/uploads\/2018\/06\/Yoga-300x257.jpg 300w, https:\/\/www.annecluzel.com\/wp-content\/uploads\/2018\/06\/Yoga.jpg 723w\" data-sizes=\"100vw\" src=\"data:image\/svg+xml;base64,PHN2ZyB3aWR0aD0iMSIgaGVpZ2h0PSIxIiB4bWxucz0iaHR0cDovL3d3dy53My5vcmcvMjAwMC9zdmciPjwvc3ZnPg==\" style=\"--smush-placeholder-width: 300px; --smush-placeholder-aspect-ratio: 300\/257;\" \/><\/a>\n\t\t\t<\/div>\n\t\t\t\t<figcaption class='wp-caption-text gallery-caption' id='gallery-1-883'>\n\t\t\t\tForme sant\u00e9 beaut\u00e9 (Aubanel), Aquarelle 2003\n\t\t\t\t<\/figcaption><\/figure><figure class='gallery-item'>\n\t\t\t<div class='gallery-icon portrait'>\n\t\t\t\t<a href='https:\/\/www.annecluzel.com\/wp-content\/uploads\/2018\/06\/Femme-8.jpg'><img decoding=\"async\" width=\"199\" height=\"300\" data-src=\"https:\/\/www.annecluzel.com\/wp-content\/uploads\/2018\/06\/Femme-8-199x300.jpg\" class=\"attachment-medium size-medium lazyload\" alt=\"\" aria-describedby=\"gallery-1-866\" data-srcset=\"https:\/\/www.annecluzel.com\/wp-content\/uploads\/2018\/06\/Femme-8-199x300.jpg 199w, https:\/\/www.annecluzel.com\/wp-content\/uploads\/2018\/06\/Femme-8.jpg 296w\" data-sizes=\"100vw\" src=\"data:image\/svg+xml;base64,PHN2ZyB3aWR0aD0iMSIgaGVpZ2h0PSIxIiB4bWxucz0iaHR0cDovL3d3dy53My5vcmcvMjAwMC9zdmciPjwvc3ZnPg==\" style=\"--smush-placeholder-width: 199px; --smush-placeholder-aspect-ratio: 199\/300;\" \/><\/a>\n\t\t\t<\/div>\n\t\t\t\t<figcaption class='wp-caption-text gallery-caption' id='gallery-1-866'>\n\t\t\t\tForme sant\u00e9 beaut\u00e9 (Aubanel), Aquarelle 2003\n\t\t\t\t<\/figcaption><\/figure><figure class='gallery-item'>\n\t\t\t<div class='gallery-icon portrait'>\n\t\t\t\t<a href='https:\/\/www.annecluzel.com\/wp-content\/uploads\/2018\/06\/Femme-2.jpg'><img decoding=\"async\" width=\"215\" height=\"300\" data-src=\"https:\/\/www.annecluzel.com\/wp-content\/uploads\/2018\/06\/Femme-2-215x300.jpg\" class=\"attachment-medium size-medium lazyload\" alt=\"\" aria-describedby=\"gallery-1-860\" data-srcset=\"https:\/\/www.annecluzel.com\/wp-content\/uploads\/2018\/06\/Femme-2-215x300.jpg 215w, https:\/\/www.annecluzel.com\/wp-content\/uploads\/2018\/06\/Femme-2-768x1072.jpg 768w, https:\/\/www.annecluzel.com\/wp-content\/uploads\/2018\/06\/Femme-2-733x1024.jpg 733w, https:\/\/www.annecluzel.com\/wp-content\/uploads\/2018\/06\/Femme-2.jpg 858w\" data-sizes=\"100vw\" src=\"data:image\/svg+xml;base64,PHN2ZyB3aWR0aD0iMSIgaGVpZ2h0PSIxIiB4bWxucz0iaHR0cDovL3d3dy53My5vcmcvMjAwMC9zdmciPjwvc3ZnPg==\" style=\"--smush-placeholder-width: 215px; --smush-placeholder-aspect-ratio: 215\/300;\" \/><\/a>\n\t\t\t<\/div>\n\t\t\t\t<figcaption class='wp-caption-text gallery-caption' id='gallery-1-860'>\n\t\t\t\tJudy Ball Cards, Orient, Watercolor 2000\n\t\t\t\t<\/figcaption><\/figure><figure class='gallery-item'>\n\t\t\t<div class='gallery-icon portrait'>\n\t\t\t\t<a href='https:\/\/www.annecluzel.com\/wp-content\/uploads\/2018\/06\/Femme-1.jpg'><img decoding=\"async\" width=\"229\" height=\"300\" data-src=\"https:\/\/www.annecluzel.com\/wp-content\/uploads\/2018\/06\/Femme-1-229x300.jpg\" class=\"attachment-medium size-medium lazyload\" alt=\"\" aria-describedby=\"gallery-1-859\" data-srcset=\"https:\/\/www.annecluzel.com\/wp-content\/uploads\/2018\/06\/Femme-1-229x300.jpg 229w, https:\/\/www.annecluzel.com\/wp-content\/uploads\/2018\/06\/Femme-1-768x1004.jpg 768w, https:\/\/www.annecluzel.com\/wp-content\/uploads\/2018\/06\/Femme-1-783x1024.jpg 783w, https:\/\/www.annecluzel.com\/wp-content\/uploads\/2018\/06\/Femme-1.jpg 944w\" data-sizes=\"100vw\" src=\"data:image\/svg+xml;base64,PHN2ZyB3aWR0aD0iMSIgaGVpZ2h0PSIxIiB4bWxucz0iaHR0cDovL3d3dy53My5vcmcvMjAwMC9zdmciPjwvc3ZnPg==\" style=\"--smush-placeholder-width: 229px; --smush-placeholder-aspect-ratio: 229\/300;\" \/><\/a>\n\t\t\t<\/div>\n\t\t\t\t<figcaption class='wp-caption-text gallery-caption' id='gallery-1-859'>\n\t\t\t\tJudy Ball Cards, Panache, Watercolor 2005\n\t\t\t\t<\/figcaption><\/figure><figure class='gallery-item'>\n\t\t\t<div class='gallery-icon landscape'>\n\t\t\t\t<a href='https:\/\/www.annecluzel.com\/wp-content\/uploads\/2018\/06\/Carte.jpg'><img decoding=\"async\" width=\"300\" height=\"142\" data-src=\"https:\/\/www.annecluzel.com\/wp-content\/uploads\/2018\/06\/Carte-300x142.jpg\" class=\"attachment-medium size-medium lazyload\" alt=\"\" aria-describedby=\"gallery-1-858\" data-srcset=\"https:\/\/www.annecluzel.com\/wp-content\/uploads\/2018\/06\/Carte-300x142.jpg 300w, https:\/\/www.annecluzel.com\/wp-content\/uploads\/2018\/06\/Carte-768x363.jpg 768w, https:\/\/www.annecluzel.com\/wp-content\/uploads\/2018\/06\/Carte.jpg 825w\" data-sizes=\"100vw\" src=\"data:image\/svg+xml;base64,PHN2ZyB3aWR0aD0iMSIgaGVpZ2h0PSIxIiB4bWxucz0iaHR0cDovL3d3dy53My5vcmcvMjAwMC9zdmciPjwvc3ZnPg==\" style=\"--smush-placeholder-width: 300px; --smush-placeholder-aspect-ratio: 300\/142;\" \/><\/a>\n\t\t\t<\/div>\n\t\t\t\t<figcaption class='wp-caption-text gallery-caption' id='gallery-1-858'>\n\t\t\t\tCarte de v\u0153ux, particulier, Aquarelle, 2009\n\t\t\t\t<\/figcaption><\/figure><figure class='gallery-item'>\n\t\t\t<div class='gallery-icon landscape'>\n\t\t\t\t<a href='https:\/\/www.annecluzel.com\/wp-content\/uploads\/2023\/04\/fleurs.jpeg'><img decoding=\"async\" width=\"300\" height=\"122\" data-src=\"https:\/\/www.annecluzel.com\/wp-content\/uploads\/2023\/04\/fleurs-300x122.jpeg\" class=\"attachment-medium size-medium lazyload\" alt=\"fleurs\" aria-describedby=\"gallery-1-1097\" data-srcset=\"https:\/\/www.annecluzel.com\/wp-content\/uploads\/2023\/04\/fleurs-300x122.jpeg 300w, https:\/\/www.annecluzel.com\/wp-content\/uploads\/2023\/04\/fleurs-768x312.jpeg 768w, https:\/\/www.annecluzel.com\/wp-content\/uploads\/2023\/04\/fleurs-18x7.jpeg 18w, https:\/\/www.annecluzel.com\/wp-content\/uploads\/2023\/04\/fleurs.jpeg 1000w\" data-sizes=\"100vw\" src=\"data:image\/svg+xml;base64,PHN2ZyB3aWR0aD0iMSIgaGVpZ2h0PSIxIiB4bWxucz0iaHR0cDovL3d3dy53My5vcmcvMjAwMC9zdmciPjwvc3ZnPg==\" style=\"--smush-placeholder-width: 300px; --smush-placeholder-aspect-ratio: 300\/122;\" \/><\/a>\n\t\t\t<\/div>\n\t\t\t\t<figcaption class='wp-caption-text gallery-caption' id='gallery-1-1097'>\n\t\t\t\tPastel, commande d\u2019un particulier, 2022\n\t\t\t\t<\/figcaption><\/figure><figure class='gallery-item'>\n\t\t\t<div class='gallery-icon landscape'>\n\t\t\t\t<a href='https:\/\/www.annecluzel.com\/wp-content\/uploads\/2023\/04\/portrait-chien.jpeg'><img decoding=\"async\" width=\"300\" height=\"225\" data-src=\"https:\/\/www.annecluzel.com\/wp-content\/uploads\/2023\/04\/portrait-chien-300x225.jpeg\" class=\"attachment-medium size-medium lazyload\" alt=\"Portrait de chien\" aria-describedby=\"gallery-1-1098\" data-srcset=\"https:\/\/www.annecluzel.com\/wp-content\/uploads\/2023\/04\/portrait-chien-300x225.jpeg 300w, https:\/\/www.annecluzel.com\/wp-content\/uploads\/2023\/04\/portrait-chien-768x576.jpeg 768w, https:\/\/www.annecluzel.com\/wp-content\/uploads\/2023\/04\/portrait-chien-16x12.jpeg 16w, https:\/\/www.annecluzel.com\/wp-content\/uploads\/2023\/04\/portrait-chien.jpeg 1000w\" data-sizes=\"100vw\" src=\"data:image\/svg+xml;base64,PHN2ZyB3aWR0aD0iMSIgaGVpZ2h0PSIxIiB4bWxucz0iaHR0cDovL3d3dy53My5vcmcvMjAwMC9zdmciPjwvc3ZnPg==\" style=\"--smush-placeholder-width: 300px; --smush-placeholder-aspect-ratio: 300\/225;\" \/><\/a>\n\t\t\t<\/div>\n\t\t\t\t<figcaption class='wp-caption-text gallery-caption' id='gallery-1-1098'>\n\t\t\t\tPortrait de chien, ex\u00e9cut\u00e9 pour un particulier en 2018\n\t\t\t\t<\/figcaption><\/figure><figure class='gallery-item'>\n\t\t\t<div class='gallery-icon portrait'>\n\t\t\t\t<a href='https:\/\/www.annecluzel.com\/wp-content\/uploads\/2024\/05\/prunes.jpg'><img decoding=\"async\" width=\"226\" height=\"300\" data-src=\"https:\/\/www.annecluzel.com\/wp-content\/uploads\/2024\/05\/prunes-226x300.jpg\" class=\"attachment-medium size-medium lazyload\" alt=\"Harmonie de prunes\" aria-describedby=\"gallery-1-1034\" data-srcset=\"https:\/\/www.annecluzel.com\/wp-content\/uploads\/2024\/05\/prunes-226x300.jpg 226w, https:\/\/www.annecluzel.com\/wp-content\/uploads\/2024\/05\/prunes-9x12.jpg 9w, https:\/\/www.annecluzel.com\/wp-content\/uploads\/2024\/05\/prunes.jpg 768w\" data-sizes=\"100vw\" src=\"data:image\/svg+xml;base64,PHN2ZyB3aWR0aD0iMSIgaGVpZ2h0PSIxIiB4bWxucz0iaHR0cDovL3d3dy53My5vcmcvMjAwMC9zdmciPjwvc3ZnPg==\" style=\"--smush-placeholder-width: 226px; --smush-placeholder-aspect-ratio: 226\/300;\" \/><\/a>\n\t\t\t<\/div>\n\t\t\t\t<figcaption class='wp-caption-text gallery-caption' id='gallery-1-1034'>\n\t\t\t\tHarmonie de prunes, vente \u00e0 un particulier en 2023\n\t\t\t\t<\/figcaption><\/figure><figure class='gallery-item'>\n\t\t\t<div class='gallery-icon portrait'>\n\t\t\t\t<a href='https:\/\/www.annecluzel.com\/wp-content\/uploads\/2024\/05\/lilas.jpg'><img decoding=\"async\" width=\"225\" height=\"300\" data-src=\"https:\/\/www.annecluzel.com\/wp-content\/uploads\/2024\/05\/lilas-225x300.jpg\" class=\"attachment-medium size-medium lazyload\" alt=\"Lilas magnifique\" aria-describedby=\"gallery-1-1033\" data-srcset=\"https:\/\/www.annecluzel.com\/wp-content\/uploads\/2024\/05\/lilas-225x300.jpg 225w, https:\/\/www.annecluzel.com\/wp-content\/uploads\/2024\/05\/lilas-9x12.jpg 9w, https:\/\/www.annecluzel.com\/wp-content\/uploads\/2024\/05\/lilas.jpg 765w\" data-sizes=\"100vw\" src=\"data:image\/svg+xml;base64,PHN2ZyB3aWR0aD0iMSIgaGVpZ2h0PSIxIiB4bWxucz0iaHR0cDovL3d3dy53My5vcmcvMjAwMC9zdmciPjwvc3ZnPg==\" style=\"--smush-placeholder-width: 225px; --smush-placeholder-aspect-ratio: 225\/300;\" \/><\/a>\n\t\t\t<\/div>\n\t\t\t\t<figcaption class='wp-caption-text gallery-caption' id='gallery-1-1033'>\n\t\t\t\tLilas magnifique, vente \u00e0  un particulier en 2023\n\t\t\t\t<\/figcaption><\/figure><figure class='gallery-item'>\n\t\t\t<div class='gallery-icon portrait'>\n\t\t\t\t<a href='https:\/\/www.annecluzel.com\/wp-content\/uploads\/2025\/06\/Platane.jpg'><img decoding=\"async\" width=\"225\" height=\"300\" data-src=\"https:\/\/www.annecluzel.com\/wp-content\/uploads\/2025\/06\/Platane-225x300.jpg\" class=\"attachment-medium size-medium lazyload\" alt=\"\" aria-describedby=\"gallery-1-1053\" data-srcset=\"https:\/\/www.annecluzel.com\/wp-content\/uploads\/2025\/06\/Platane-225x300.jpg 225w, https:\/\/www.annecluzel.com\/wp-content\/uploads\/2025\/06\/Platane-9x12.jpg 9w, https:\/\/www.annecluzel.com\/wp-content\/uploads\/2025\/06\/Platane.jpg 443w\" data-sizes=\"100vw\" src=\"data:image\/svg+xml;base64,PHN2ZyB3aWR0aD0iMSIgaGVpZ2h0PSIxIiB4bWxucz0iaHR0cDovL3d3dy53My5vcmcvMjAwMC9zdmciPjwvc3ZnPg==\" style=\"--smush-placeholder-width: 225px; --smush-placeholder-aspect-ratio: 225\/300;\" \/><\/a>\n\t\t\t<\/div>\n\t\t\t\t<figcaption class='wp-caption-text gallery-caption' id='gallery-1-1053'>\n\t\t\t\tPlatane au bord de l\u2019Allier &#8211; Pastel, vente \u00e0  un particulier en 2025\n\t\t\t\t<\/figcaption><\/figure><figure class='gallery-item'>\n\t\t\t<div class='gallery-icon portrait'>\n\t\t\t\t<a href='https:\/\/www.annecluzel.com\/wp-content\/uploads\/2017\/06\/Miss-Persepolis.jpg'><img decoding=\"async\" width=\"223\" height=\"300\" data-src=\"https:\/\/www.annecluzel.com\/wp-content\/uploads\/2017\/06\/Miss-Persepolis-223x300.jpg\" class=\"attachment-medium size-medium lazyload\" alt=\"\" aria-describedby=\"gallery-1-848\" data-srcset=\"https:\/\/www.annecluzel.com\/wp-content\/uploads\/2017\/06\/Miss-Persepolis-223x300.jpg 223w, https:\/\/www.annecluzel.com\/wp-content\/uploads\/2017\/06\/Miss-Persepolis-768x1033.jpg 768w, https:\/\/www.annecluzel.com\/wp-content\/uploads\/2017\/06\/Miss-Persepolis-761x1024.jpg 761w, https:\/\/www.annecluzel.com\/wp-content\/uploads\/2017\/06\/Miss-Persepolis.jpg 939w\" data-sizes=\"100vw\" src=\"data:image\/svg+xml;base64,PHN2ZyB3aWR0aD0iMSIgaGVpZ2h0PSIxIiB4bWxucz0iaHR0cDovL3d3dy53My5vcmcvMjAwMC9zdmciPjwvc3ZnPg==\" style=\"--smush-placeholder-width: 223px; --smush-placeholder-aspect-ratio: 223\/300;\" \/><\/a>\n\t\t\t<\/div>\n\t\t\t\t<figcaption class='wp-caption-text gallery-caption' id='gallery-1-848'>\n\t\t\t\tMiss Persepolis &#8211; watercolor, vente \u00e0  un particulier en 2025\n\t\t\t\t<\/figcaption><\/figure><figure class='gallery-item'>\n\t\t\t<div class='gallery-icon landscape'>\n\t\t\t\t<a href='https:\/\/www.annecluzel.com\/wp-content\/uploads\/2020\/01\/Mouche-du-coche.jpg'><img decoding=\"async\" width=\"300\" height=\"218\" data-src=\"https:\/\/www.annecluzel.com\/wp-content\/uploads\/2020\/01\/Mouche-du-coche-300x218.jpg\" class=\"attachment-medium size-medium lazyload\" alt=\"Mouche du coche \u2022 Busybody\" aria-describedby=\"gallery-1-905\" data-srcset=\"https:\/\/www.annecluzel.com\/wp-content\/uploads\/2020\/01\/Mouche-du-coche-300x218.jpg 300w, https:\/\/www.annecluzel.com\/wp-content\/uploads\/2020\/01\/Mouche-du-coche-768x558.jpg 768w, https:\/\/www.annecluzel.com\/wp-content\/uploads\/2020\/01\/Mouche-du-coche.jpg 1000w\" data-sizes=\"100vw\" src=\"data:image\/svg+xml;base64,PHN2ZyB3aWR0aD0iMSIgaGVpZ2h0PSIxIiB4bWxucz0iaHR0cDovL3d3dy53My5vcmcvMjAwMC9zdmciPjwvc3ZnPg==\" style=\"--smush-placeholder-width: 300px; --smush-placeholder-aspect-ratio: 300\/218;\" \/><\/a>\n\t\t\t<\/div>\n\t\t\t\t<figcaption class='wp-caption-text gallery-caption' id='gallery-1-905'>\n\t\t\t\tMouche du coche \u2022 Busybody, vente \u00e0  un particulier en 2025\n\t\t\t\t<\/figcaption><\/figure>\n\t\t<\/div>\n\n","protected":false},"excerpt":{"rendered":"<p>Just a few among others<\/p>\n","protected":false},"author":1,"featured_media":0,"parent":0,"menu_order":0,"comment_status":"closed","ping_status":"closed","template":"","meta":{"footnotes":""},"class_list":["post-1092","page","type-page","status-publish","hentry"],"_links":{"self":[{"href":"https:\/\/www.annecluzel.com\/en\/wp-json\/wp\/v2\/pages\/1092","targetHints":{"allow":["GET"]}}],"collection":[{"href":"https:\/\/www.annecluzel.com\/en\/wp-json\/wp\/v2\/pages"}],"about":[{"href":"https:\/\/www.annecluzel.com\/en\/wp-json\/wp\/v2\/types\/page"}],"author":[{"embeddable":true,"href":"https:\/\/www.annecluzel.com\/en\/wp-json\/wp\/v2\/users\/1"}],"replies":[{"embeddable":true,"href":"https:\/\/www.annecluzel.com\/en\/wp-json\/wp\/v2\/comments?post=1092"}],"version-history":[{"count":0,"href":"https:\/\/www.annecluzel.com\/en\/wp-json\/wp\/v2\/pages\/1092\/revisions"}],"wp:attachment":[{"href":"https:\/\/www.annecluzel.com\/en\/wp-json\/wp\/v2\/media?parent=1092"}],"curies":[{"name":"wp","href":"https:\/\/api.w.org\/{rel}","templated":true}]}}